{"id":23,"date":"2013-09-30T12:39:54","date_gmt":"2013-09-30T11:39:54","guid":{"rendered":"http:\/\/jeanrenaud-informatique.fantomas.zsite.ch\/?page_id=23"},"modified":"2013-09-30T12:39:54","modified_gmt":"2013-09-30T11:39:54","slug":"versions-de-tracability","status":"publish","type":"page","link":"https:\/\/www.jeanrenaud-informatique.ch\/?page_id=23","title":{"rendered":"Versions de Tracability"},"content":{"rendered":"<p>Cet article d\u00e9crit les am\u00e9lioration apport\u00e9es par chacune des versions.<\/p>\n","protected":false},"excerpt":{"rendered":"<p>Cet article d\u00e9crit les am\u00e9lioration apport\u00e9es par chacune des versions.<\/p>\n","protected":false},"author":1,"featured_media":0,"parent":0,"menu_order":0,"comment_status":"closed","ping_status":"closed","template":"","meta":{"footnotes":""},"_links":{"self":[{"href":"https:\/\/www.jeanrenaud-informatique.ch\/index.php?rest_route=\/wp\/v2\/pages\/23"}],"collection":[{"href":"https:\/\/www.jeanrenaud-informatique.ch\/index.php?rest_route=\/wp\/v2\/pages"}],"about":[{"href":"https:\/\/www.jeanrenaud-informatique.ch\/index.php?rest_route=\/wp\/v2\/types\/page"}],"author":[{"embeddable":true,"href":"https:\/\/www.jeanrenaud-informatique.ch\/index.php?rest_route=\/wp\/v2\/users\/1"}],"replies":[{"embeddable":true,"href":"https:\/\/www.jeanrenaud-informatique.ch\/index.php?rest_route=%2Fwp%2Fv2%2Fcomments&post=23"}],"version-history":[{"count":1,"href":"https:\/\/www.jeanrenaud-informatique.ch\/index.php?rest_route=\/wp\/v2\/pages\/23\/revisions"}],"predecessor-version":[{"id":24,"href":"https:\/\/www.jeanrenaud-informatique.ch\/index.php?rest_route=\/wp\/v2\/pages\/23\/revisions\/24"}],"wp:attachment":[{"href":"https:\/\/www.jeanrenaud-informatique.ch\/index.php?rest_route=%2Fwp%2Fv2%2Fmedia&parent=23"}],"curies":[{"name":"wp","href":"https:\/\/api.w.org\/{rel}","templated":true}]}}