{"id":13,"date":"2013-09-30T12:28:12","date_gmt":"2013-09-30T11:28:12","guid":{"rendered":"http:\/\/jeanrenaud-informatique.fantomas.zsite.ch\/?page_id=13"},"modified":"2013-09-30T12:35:37","modified_gmt":"2013-09-30T11:35:37","slug":"principale","status":"publish","type":"page","link":"https:\/\/www.jeanrenaud-informatique.ch\/","title":{"rendered":"principale"},"content":{"rendered":"<p><strong>Arachnos <\/strong>vous permet de g\u00e9rer des donn\u00e9es m\u00e9dicales concernant des patients, de fa\u00e7on centralis\u00e9e.<\/p>\n<p><strong>Tracability<\/strong> vous permet de g\u00e9rer la tra\u00e7abilit\u00e9 d&rsquo;ingr\u00e9dients qui entrent dans la composition de vos propres pr\u00e9parations. Ce programme peut par exemple \u00eatre utilis\u00e9 dans une pharmacie, un laboratoire ou un h\u00f4pital.<\/p>\n<p>&nbsp;<\/p>\n<p>Jeanrenaud-Informatique<br \/>\nYann Jeanrenaud<br \/>\nScierie 2<br \/>\n2013 Colombier<\/p>\n<p>+41 (0)32 710 00 62<br \/>\n+49 (0)79 716 66 39<\/p>\n<p>info@jeanrenaud-informatique.ch<\/p>\n","protected":false},"excerpt":{"rendered":"<p>Arachnos vous permet de g\u00e9rer des donn\u00e9es m\u00e9dicales concernant des patients, de fa\u00e7on centralis\u00e9e. Tracability vous permet de g\u00e9rer la tra\u00e7abilit\u00e9 d&rsquo;ingr\u00e9dients qui entrent dans la composition de vos propres pr\u00e9parations. Ce programme peut par exemple \u00eatre utilis\u00e9 dans une pharmacie, un laboratoire ou un h\u00f4pital. &nbsp; Jeanrenaud-Informatique Yann Jeanrenaud Scierie 2 2013 Colombier +41 [&hellip;]<\/p>\n","protected":false},"author":1,"featured_media":0,"parent":0,"menu_order":0,"comment_status":"closed","ping_status":"closed","template":"page-templates\/front-page.php","meta":{"footnotes":""},"_links":{"self":[{"href":"https:\/\/www.jeanrenaud-informatique.ch\/index.php?rest_route=\/wp\/v2\/pages\/13"}],"collection":[{"href":"https:\/\/www.jeanrenaud-informatique.ch\/index.php?rest_route=\/wp\/v2\/pages"}],"about":[{"href":"https:\/\/www.jeanrenaud-informatique.ch\/index.php?rest_route=\/wp\/v2\/types\/page"}],"author":[{"embeddable":true,"href":"https:\/\/www.jeanrenaud-informatique.ch\/index.php?rest_route=\/wp\/v2\/users\/1"}],"replies":[{"embeddable":true,"href":"https:\/\/www.jeanrenaud-informatique.ch\/index.php?rest_route=%2Fwp%2Fv2%2Fcomments&post=13"}],"version-history":[{"count":3,"href":"https:\/\/www.jeanrenaud-informatique.ch\/index.php?rest_route=\/wp\/v2\/pages\/13\/revisions"}],"predecessor-version":[{"id":16,"href":"https:\/\/www.jeanrenaud-informatique.ch\/index.php?rest_route=\/wp\/v2\/pages\/13\/revisions\/16"}],"wp:attachment":[{"href":"https:\/\/www.jeanrenaud-informatique.ch\/index.php?rest_route=%2Fwp%2Fv2%2Fmedia&parent=13"}],"curies":[{"name":"wp","href":"https:\/\/api.w.org\/{rel}","templated":true}]}}