{"id":10,"date":"2013-09-30T12:26:20","date_gmt":"2013-09-30T11:26:20","guid":{"rendered":"http:\/\/jeanrenaud-informatique.fantomas.zsite.ch\/?page_id=10"},"modified":"2013-09-30T12:38:46","modified_gmt":"2013-09-30T11:38:46","slug":"tracability","status":"publish","type":"page","link":"https:\/\/www.jeanrenaud-informatique.ch\/?page_id=10","title":{"rendered":"Tracability"},"content":{"rendered":"<p>Vous travaillez dans une <strong>pharmacie<\/strong>, un <strong>h\u00f4pital<\/strong>, un <strong>laboratoire <\/strong>et vous fabriquez vos propres produits (cr\u00e8me, gouttes, supositoires).<\/p>\n<p>Tracability vous permettra d&rsquo;assurer de fa\u00e7on simplifi\u00e9e, la <strong>tra\u00e7abilit\u00e9 <\/strong>des substances chimiques qui entrent dans votre laboratoire et qui en ressortent sous la forme de produits fini.<\/p>\n<p>De la gestion du stock \u00e0 la vente en passant par la fabrication, Tracability vous assiste dans chacune des t\u00e2ches.<\/p>\n<p>Chacun des modules a \u00e9t\u00e9 d\u00e9velopp\u00e9 en \u00e9troite collaboration avec un pharmacien respectant les normes GMP (Good Manufacturing Practice)<\/p>\n","protected":false},"excerpt":{"rendered":"<p>Vous travaillez dans une pharmacie, un h\u00f4pital, un laboratoire et vous fabriquez vos propres produits (cr\u00e8me, gouttes, supositoires). Tracability vous permettra d&rsquo;assurer de fa\u00e7on simplifi\u00e9e, la tra\u00e7abilit\u00e9 des substances chimiques qui entrent dans votre laboratoire et qui en ressortent sous la forme de produits fini. De la gestion du stock \u00e0 la vente en passant [&hellip;]<\/p>\n","protected":false},"author":1,"featured_media":0,"parent":0,"menu_order":0,"comment_status":"closed","ping_status":"closed","template":"","meta":{"footnotes":""},"_links":{"self":[{"href":"https:\/\/www.jeanrenaud-informatique.ch\/index.php?rest_route=\/wp\/v2\/pages\/10"}],"collection":[{"href":"https:\/\/www.jeanrenaud-informatique.ch\/index.php?rest_route=\/wp\/v2\/pages"}],"about":[{"href":"https:\/\/www.jeanrenaud-informatique.ch\/index.php?rest_route=\/wp\/v2\/types\/page"}],"author":[{"embeddable":true,"href":"https:\/\/www.jeanrenaud-informatique.ch\/index.php?rest_route=\/wp\/v2\/users\/1"}],"replies":[{"embeddable":true,"href":"https:\/\/www.jeanrenaud-informatique.ch\/index.php?rest_route=%2Fwp%2Fv2%2Fcomments&post=10"}],"version-history":[{"count":6,"href":"https:\/\/www.jeanrenaud-informatique.ch\/index.php?rest_route=\/wp\/v2\/pages\/10\/revisions"}],"predecessor-version":[{"id":22,"href":"https:\/\/www.jeanrenaud-informatique.ch\/index.php?rest_route=\/wp\/v2\/pages\/10\/revisions\/22"}],"wp:attachment":[{"href":"https:\/\/www.jeanrenaud-informatique.ch\/index.php?rest_route=%2Fwp%2Fv2%2Fmedia&parent=10"}],"curies":[{"name":"wp","href":"https:\/\/api.w.org\/{rel}","templated":true}]}}